{"id":892,"date":"2016-10-31T10:14:55","date_gmt":"2016-10-31T15:14:55","guid":{"rendered":"http:\/\/operarimouski.com\/wp\/?page_id=892"},"modified":"2016-10-31T10:22:49","modified_gmt":"2016-10-31T15:22:49","slug":"etienne-saint-laurent","status":"publish","type":"page","link":"https:\/\/operarimouski.com\/wp\/etienne-saint-laurent\/","title":{"rendered":"\u00c9tienne SAINT-LAURENT, violoniste"},"content":{"rendered":"<p><strong><img loading=\"lazy\" decoding=\"async\" class=\"alignleft size-medium wp-image-890\" src=\"https:\/\/operarimouski.com\/wp\/wp-content\/uploads\/\u00c9tienne-SAINT-LAURENT-violoniste-354x480-221x300.jpg\" alt=\"etienne-saint-laurent-violoniste-354x480\" width=\"221\" height=\"300\" srcset=\"https:\/\/operarimouski.com\/wp\/wp-content\/uploads\/\u00c9tienne-SAINT-LAURENT-violoniste-354x480-221x300.jpg 221w, https:\/\/operarimouski.com\/wp\/wp-content\/uploads\/\u00c9tienne-SAINT-LAURENT-violoniste-354x480.jpg 354w\" sizes=\"auto, (max-width: 221px) 100vw, 221px\" \/>\u00c9tienne SAINT-LAURENT<\/strong><\/p>\n<p style=\"text-align: justify;\">Issu d\u2019une famille de musiciens, \u00c9tienne Saint-Laurent commence l\u2019\u00e9tude du violon d\u00e8s l\u2019\u00e2ge de quatre ans avec Sylvie Lamontagne. \u00c0 13 ans, il fait son entr\u00e9e au Conservatoire de musique de Rimouski dans la classe de la violoniste \u00c9lise Lavoie. Il perfectionne son interpr\u00e9tation lors de nombreuses classes de ma\u00eetre tout en poursuivant le d\u00e9veloppement de sa technique lors de le\u00e7ons priv\u00e9es. \u00c9galement homme d&rsquo;affaire, \u00c9tienne Saint-Laurent termine pr\u00e9sentement un baccalaur\u00e9at en finance d\u2019entreprise \u00e0 l\u2019Universit\u00e9 du Qu\u00e9bec \u00e0 Rimouski.<\/p>\n","protected":false},"excerpt":{"rendered":"<p>\u00c9tienne SAINT-LAURENT Issu d\u2019une famille de musiciens, \u00c9tienne Saint-Laurent commence l\u2019\u00e9tude du violon d\u00e8s l\u2019\u00e2ge de quatre ans avec Sylvie Lamontagne. \u00c0 13 ans, il fait son entr\u00e9e au Conservatoire de musique de Rimouski dans la classe de la violoniste \u00c9lise Lavoie. Il perfectionne son interpr\u00e9tation lors de nombreuses classes de ma\u00eetre tout en poursuivant [&hellip;]<\/p>\n","protected":false},"author":1,"featured_media":0,"parent":0,"menu_order":0,"comment_status":"closed","ping_status":"closed","template":"","meta":{"footnotes":""},"class_list":["post-892","page","type-page","status-publish","hentry"],"_links":{"self":[{"href":"https:\/\/operarimouski.com\/wp\/wp-json\/wp\/v2\/pages\/892","targetHints":{"allow":["GET"]}}],"collection":[{"href":"https:\/\/operarimouski.com\/wp\/wp-json\/wp\/v2\/pages"}],"about":[{"href":"https:\/\/operarimouski.com\/wp\/wp-json\/wp\/v2\/types\/page"}],"author":[{"embeddable":true,"href":"https:\/\/operarimouski.com\/wp\/wp-json\/wp\/v2\/users\/1"}],"replies":[{"embeddable":true,"href":"https:\/\/operarimouski.com\/wp\/wp-json\/wp\/v2\/comments?post=892"}],"version-history":[{"count":1,"href":"https:\/\/operarimouski.com\/wp\/wp-json\/wp\/v2\/pages\/892\/revisions"}],"predecessor-version":[{"id":893,"href":"https:\/\/operarimouski.com\/wp\/wp-json\/wp\/v2\/pages\/892\/revisions\/893"}],"wp:attachment":[{"href":"https:\/\/operarimouski.com\/wp\/wp-json\/wp\/v2\/media?parent=892"}],"curies":[{"name":"wp","href":"https:\/\/api.w.org\/{rel}","templated":true}]}}