{"id":874,"date":"2016-10-12T10:29:26","date_gmt":"2016-10-12T15:29:26","guid":{"rendered":"http:\/\/operarimouski.com\/wp\/?page_id=874"},"modified":"2016-10-12T10:29:26","modified_gmt":"2016-10-12T15:29:26","slug":"jean-sebastien-turgeon","status":"publish","type":"page","link":"https:\/\/operarimouski.com\/wp\/jean-sebastien-turgeon\/","title":{"rendered":"Jean-S\u00e9bastien TURGEON, t\u00e9nor"},"content":{"rendered":"<p><strong>Jean-S\u00e9bastien\u00a0Turgeon<\/strong><img loading=\"lazy\" decoding=\"async\" class=\"alignleft size-medium wp-image-875\" src=\"https:\/\/operarimouski.com\/wp\/wp-content\/uploads\/Jean-S\u00e9bastien-TURGEON-t\u00e9nor-310X496-188x300.jpg\" alt=\"jean-sebastien-turgeon-tenor-310x496\" width=\"188\" height=\"300\" srcset=\"https:\/\/operarimouski.com\/wp\/wp-content\/uploads\/Jean-S\u00e9bastien-TURGEON-t\u00e9nor-310X496-188x300.jpg 188w, https:\/\/operarimouski.com\/wp\/wp-content\/uploads\/Jean-S\u00e9bastien-TURGEON-t\u00e9nor-310X496.jpg 310w\" sizes=\"auto, (max-width: 188px) 100vw, 188px\" \/><\/p>\n<p style=\"text-align: justify;\">Le t\u00e9nor qu\u00e9b\u00e9cois Jean-S\u00e9bastien Turgeon s\u00e9duit par la puret\u00e9 de sa voix, son raffinement et son interpr\u00e9tation intime et v\u00e9ridique des r\u00f4les de \u00abtenor lirico leggero\u00bb.<br \/>\nEn 2010, il remporte la troisi\u00e8me place aux finales du Concours de musique du Canada en Alberta. De plus, il obtient le troph\u00e9e Reconnaissance, de l\u2019arrondissement de Jonqui\u00e8re, pour son implication au niveau national pour l\u2019art et la culture ainsi qu\u2019une bourse d\u2019\u00e9tude de Ville Saguenay.<br \/>\nPour la Soci\u00e9t\u00e9 d\u2019art lyrique du Royaume, il tient les r\u00f4les de Frick dans La Vie parisienne en 2009 et de Domino dans Les Brigands en 2012 de Jacques Offenbach. Au cours de la me\u0302me ann\u00e9e, il chante Arlequin dans Pagliacci de Leoncavallo, pr\u00e9sent\u00e9 par l\u2019Op\u00e9ra Imm\u00e9diat. De nouveau invit\u00e9 par la SALR en 2015, il est de la distribution de L\u2019\u00c9toile de Chabrier.<\/p>\n","protected":false},"excerpt":{"rendered":"<p>Jean-S\u00e9bastien\u00a0Turgeon Le t\u00e9nor qu\u00e9b\u00e9cois Jean-S\u00e9bastien Turgeon s\u00e9duit par la puret\u00e9 de sa voix, son raffinement et son interpr\u00e9tation intime et v\u00e9ridique des r\u00f4les de \u00abtenor lirico leggero\u00bb. En 2010, il remporte la troisi\u00e8me place aux finales du Concours de musique du Canada en Alberta. De plus, il obtient le troph\u00e9e Reconnaissance, de l\u2019arrondissement de Jonqui\u00e8re, [&hellip;]<\/p>\n","protected":false},"author":1,"featured_media":0,"parent":0,"menu_order":0,"comment_status":"closed","ping_status":"closed","template":"","meta":{"footnotes":""},"class_list":["post-874","page","type-page","status-publish","hentry"],"_links":{"self":[{"href":"https:\/\/operarimouski.com\/wp\/wp-json\/wp\/v2\/pages\/874","targetHints":{"allow":["GET"]}}],"collection":[{"href":"https:\/\/operarimouski.com\/wp\/wp-json\/wp\/v2\/pages"}],"about":[{"href":"https:\/\/operarimouski.com\/wp\/wp-json\/wp\/v2\/types\/page"}],"author":[{"embeddable":true,"href":"https:\/\/operarimouski.com\/wp\/wp-json\/wp\/v2\/users\/1"}],"replies":[{"embeddable":true,"href":"https:\/\/operarimouski.com\/wp\/wp-json\/wp\/v2\/comments?post=874"}],"version-history":[{"count":2,"href":"https:\/\/operarimouski.com\/wp\/wp-json\/wp\/v2\/pages\/874\/revisions"}],"predecessor-version":[{"id":882,"href":"https:\/\/operarimouski.com\/wp\/wp-json\/wp\/v2\/pages\/874\/revisions\/882"}],"wp:attachment":[{"href":"https:\/\/operarimouski.com\/wp\/wp-json\/wp\/v2\/media?parent=874"}],"curies":[{"name":"wp","href":"https:\/\/api.w.org\/{rel}","templated":true}]}}