{"id":800,"date":"2016-05-04T10:31:10","date_gmt":"2016-05-04T15:31:10","guid":{"rendered":"http:\/\/operarimouski.com\/wp\/?page_id=800"},"modified":"2016-05-12T14:55:42","modified_gmt":"2016-05-12T19:55:42","slug":"chantal-parent","status":"publish","type":"page","link":"https:\/\/operarimouski.com\/wp\/chantal-parent\/","title":{"rendered":"Chantal PARENT, soprano"},"content":{"rendered":"<p><img loading=\"lazy\" decoding=\"async\" class=\"alignleft size-medium wp-image-802\" src=\"https:\/\/operarimouski.com\/wp\/wp-content\/uploads\/Chantal-PARENT-Soprano-310x496-188x300.jpg\" alt=\"Chantal PARENT Soprano (310x496)\" width=\"188\" height=\"300\" srcset=\"https:\/\/operarimouski.com\/wp\/wp-content\/uploads\/Chantal-PARENT-Soprano-310x496-188x300.jpg 188w, https:\/\/operarimouski.com\/wp\/wp-content\/uploads\/Chantal-PARENT-Soprano-310x496.jpg 310w\" sizes=\"auto, (max-width: 188px) 100vw, 188px\" \/><strong>Chantal\u00a0PARENT<\/strong><\/p>\n<p>\u00abR\u00e9put\u00e9 \u00e0 juste titre pour \u00eatre l\u2019un des plus difficiles r\u00f4les du r\u00e9pertoire de soprano, imposant \u00e0 la fois une parfaite ma\u00eetrise technique et de r\u00e9elles qualit\u00e9s de trag\u00e9dienne\u00bb, l\u2019Op\u00e9ra de Rimouski a fait appel \u00e0 la soprano Chantal Parent, reconnue pour la beaut\u00e9 de son timbre, son aisance vocale, sa grande musicalit\u00e9 et ses habilet\u00e9s dramatiques pour y tenir le r\u00f4le de la grande pr\u00eatresse Norma.<\/p>\n<p>La saison derni\u00e8r<span class=\"text_exposed_show\">e, la soprano a connu un immense succ\u00e8s dans le r\u00f4le d\u2019Antonia dans Les Contes d\u2019Hoffmann pr\u00e9sent\u00e9s sur la sc\u00e8ne de l\u2019Op\u00e9ra rimouskois. Parmi ses performances remarqu\u00e9es, mentionnons le concert \u00ab\u00a0Voix de chez nous\u00a0\u00bb, dans le cadre du Festival Op\u00e9ra de Saint-Eustache et son concert dans le cadre du Festival de l\u2019Associazione Culturale Scettabbann \u00e0 Ferrandina en Italie.<\/span><\/p>\n<div class=\"text_exposed_show\">\n<p>Ses prochains engagements la m\u00e8neront en Ontario dans le cadre de diff\u00e9rents festivals et comme artiste invit\u00e9e en tant que chanteuse et violoniste pour le Gala de la Fondation de la compagnie Jean Duceppe. Chantal Parent collabore avec plusieurs formations musicales et artistes sur sc\u00e8ne tels que le groupe Africain Intshi\u2019yetul, le groupe Point d\u2019orgue et le violoniste Florian Costache. Elle participe \u00e0 la cr\u00e9ation d\u2019un op\u00e9ra du compositeur Christian Thomas et sur<br \/>\ndiff\u00e9rents projets d\u2019albums.<\/p>\n<p>Mme Chantal Parent a pr\u00eat\u00e9 sa voix au film documentaire intitul\u00e9 Du Big Bang au Vivant et sur les maquettes des pi\u00e8ces de th\u00e9\u00e2tre Les Chroniques de Saint-L\u00e9onard et Sunderland et agit en tant que coach de voix pour la production Judy Garland, la fin d\u2019une \u00e9toile de la Compagnie Jean Duceppe \u00e0 Montr\u00e9al.<\/p>\n<\/div>\n<p style=\"text-align: justify;\">Pour plus d\u2019information sur l\u2019artiste : <a href=\"http:\/\/www.meti-jori-agency.com\/#!chantal-parent\/cb66\">http:\/\/www.meti-jori-agency.com\/#!chantal-parent\/cb66<\/a><\/p>\n<p style=\"text-align: justify;\">\n","protected":false},"excerpt":{"rendered":"<p>Chantal\u00a0PARENT \u00abR\u00e9put\u00e9 \u00e0 juste titre pour \u00eatre l\u2019un des plus difficiles r\u00f4les du r\u00e9pertoire de soprano, imposant \u00e0 la fois une parfaite ma\u00eetrise technique et de r\u00e9elles qualit\u00e9s de trag\u00e9dienne\u00bb, l\u2019Op\u00e9ra de Rimouski a fait appel \u00e0 la soprano Chantal Parent, reconnue pour la beaut\u00e9 de son timbre, son aisance vocale, sa grande musicalit\u00e9 et [&hellip;]<\/p>\n","protected":false},"author":1,"featured_media":0,"parent":0,"menu_order":0,"comment_status":"closed","ping_status":"closed","template":"","meta":{"footnotes":""},"class_list":["post-800","page","type-page","status-publish","hentry"],"_links":{"self":[{"href":"https:\/\/operarimouski.com\/wp\/wp-json\/wp\/v2\/pages\/800","targetHints":{"allow":["GET"]}}],"collection":[{"href":"https:\/\/operarimouski.com\/wp\/wp-json\/wp\/v2\/pages"}],"about":[{"href":"https:\/\/operarimouski.com\/wp\/wp-json\/wp\/v2\/types\/page"}],"author":[{"embeddable":true,"href":"https:\/\/operarimouski.com\/wp\/wp-json\/wp\/v2\/users\/1"}],"replies":[{"embeddable":true,"href":"https:\/\/operarimouski.com\/wp\/wp-json\/wp\/v2\/comments?post=800"}],"version-history":[{"count":5,"href":"https:\/\/operarimouski.com\/wp\/wp-json\/wp\/v2\/pages\/800\/revisions"}],"predecessor-version":[{"id":832,"href":"https:\/\/operarimouski.com\/wp\/wp-json\/wp\/v2\/pages\/800\/revisions\/832"}],"wp:attachment":[{"href":"https:\/\/operarimouski.com\/wp\/wp-json\/wp\/v2\/media?parent=800"}],"curies":[{"name":"wp","href":"https:\/\/api.w.org\/{rel}","templated":true}]}}