{"id":719,"date":"2015-10-22T14:07:28","date_gmt":"2015-10-22T19:07:28","guid":{"rendered":"http:\/\/operarimouski.com\/wp\/?page_id=719"},"modified":"2016-10-31T10:20:34","modified_gmt":"2016-10-31T15:20:34","slug":"josee-april","status":"publish","type":"page","link":"https:\/\/operarimouski.com\/wp\/josee-april\/","title":{"rendered":"Jos\u00e9e APRIL, organiste"},"content":{"rendered":"<p><a href=\"https:\/\/operarimouski.com\/wp\/wp-content\/uploads\/APRIL-Jos\u00e9e-2014-1.jpg\"><img loading=\"lazy\" decoding=\"async\" class=\"alignleft size-medium wp-image-672\" src=\"https:\/\/operarimouski.com\/wp\/wp-content\/uploads\/APRIL-Jos\u00e9e-2014-1-218x300.jpg\" alt=\"APRIL, Jos\u00e9e 2014 - 1\" width=\"218\" height=\"300\" srcset=\"https:\/\/operarimouski.com\/wp\/wp-content\/uploads\/APRIL-Jos\u00e9e-2014-1-218x300.jpg 218w, https:\/\/operarimouski.com\/wp\/wp-content\/uploads\/APRIL-Jos\u00e9e-2014-1.jpg 600w\" sizes=\"auto, (max-width: 218px) 100vw, 218px\" \/><\/a><strong>Jos\u00e9e APRIL<\/strong><\/p>\n<p style=\"text-align: justify;\">Originaire du Bas Saint-Laurent, Jos\u00e9e April y a commenc\u00e9 ses \u00e9tudes musicales et les a poursuivies \u00e0 Rimouski sous la direction de Pauline Charron, r.s.r. Elle obtient, en 1974, le Premier Prix en orgue au Concours de musique du Canada. Elle a obtenu \u00e9galement un doctorat en musique de l\u2019Universit\u00e9 de Montr\u00e9al en 1994, sous la direction de R\u00e9jean Poirier. Elle a aussi obtenu un D.N.E.S.M. en orgue au Conservatoire national sup\u00e9rieur de musique de Lyon o\u00f9 elle \u00e9tudiait sous la direction de Xavier Darasse, un Dipl\u00f4me de fin d\u2019\u00e9tudes au C.N.R. de Toulouse en clavecin avec Jan Willem Jansen, une ma\u00eetrise-orgue, licence-clavecin et baccalaur\u00e9at-orgue de l\u2019Universit\u00e9 McGill avec John Grew.<br \/>\nJos\u00e9e April a effectu\u00e9 de nombreux stages en Europe aupr\u00e8s de Kenneth Gilbert, Ton Koopman, Luigi Tagliavini, Jos Van Immerseel, Michel Chapuis, Francis Chapelet, Jean Langlais, Jean Ferrard, Bernard Foccroule, Mireille Lagac\u00e9, Jean-Luc \u00c9tienne et Pierre Perdigon. Elle a donn\u00e9 plusieurs concerts au Canada, aux \u00c9tats-Unis, en France, en Belgique, en Hollande et en Espagne, fait des enregistrements radiophoniques, jou\u00e9 pour divers orchestres \u00e0 Montr\u00e9al et Rimouski.<br \/>\nEntre autres, Jos\u00e9e April a travaill\u00e9 avec l\u2019Ensemble vocal Arts-Qu\u00e9bec, le Ch\u0153ur Saint-Germain d\u2019Outremont, le Ch\u0153ur Donovan, Orph\u00e9e Choir, les Tudors Singers, le Ch\u0153ur de l\u2019Orchestre symphonique de Montr\u00e9al, le McGill Chamber Singers, le Ch\u0153ur de l\u2019Universit\u00e9 de Sherbrooke et le Ch\u0153ur de chambre de Rimouski. Elle a jou\u00e9 avec l\u2019Orchestre symphonique de Montr\u00e9al, l\u2019Orchestre symphonique de l\u2019Estuaire, l\u2019Orchestre des jeunes du Qu\u00e9bec et avec le Collegium Musicum de McGill.<br \/>\nJos\u00e9e April a \u00e9t\u00e9 plusieurs ann\u00e9es organiste-titulaire des paroisses Saint-Pierre-Claver \u00e0 Montr\u00e9al et Saint-Germain d\u2019Outremont. Elle est titulaire \u00e0 la Cath\u00e9drale Saint-Germain de Rimouski, depuis 2000. Elle est professeure de clavecin et d\u2019orgue, de musique de chambre et de mati\u00e8res th\u00e9oriques au Conservatoire de musique de Rimouski.<br \/>\nL&rsquo;Op\u00e9ra de Rimouski a l&rsquo;immense plaisir d&rsquo;accueillir Madame April lors du Concert Prestige 2016 qui sera donn\u00e9 le 20 novembre 2016\u00a0\u00e0 l&rsquo;\u00e9glise Sainte-C\u00e9cile-du-Bic.<\/p>\n","protected":false},"excerpt":{"rendered":"<p>Jos\u00e9e APRIL Originaire du Bas Saint-Laurent, Jos\u00e9e April y a commenc\u00e9 ses \u00e9tudes musicales et les a poursuivies \u00e0 Rimouski sous la direction de Pauline Charron, r.s.r. Elle obtient, en 1974, le Premier Prix en orgue au Concours de musique du Canada. Elle a obtenu \u00e9galement un doctorat en musique de l\u2019Universit\u00e9 de Montr\u00e9al en [&hellip;]<\/p>\n","protected":false},"author":1,"featured_media":0,"parent":0,"menu_order":0,"comment_status":"closed","ping_status":"closed","template":"","meta":{"footnotes":""},"class_list":["post-719","page","type-page","status-publish","hentry"],"_links":{"self":[{"href":"https:\/\/operarimouski.com\/wp\/wp-json\/wp\/v2\/pages\/719","targetHints":{"allow":["GET"]}}],"collection":[{"href":"https:\/\/operarimouski.com\/wp\/wp-json\/wp\/v2\/pages"}],"about":[{"href":"https:\/\/operarimouski.com\/wp\/wp-json\/wp\/v2\/types\/page"}],"author":[{"embeddable":true,"href":"https:\/\/operarimouski.com\/wp\/wp-json\/wp\/v2\/users\/1"}],"replies":[{"embeddable":true,"href":"https:\/\/operarimouski.com\/wp\/wp-json\/wp\/v2\/comments?post=719"}],"version-history":[{"count":4,"href":"https:\/\/operarimouski.com\/wp\/wp-json\/wp\/v2\/pages\/719\/revisions"}],"predecessor-version":[{"id":897,"href":"https:\/\/operarimouski.com\/wp\/wp-json\/wp\/v2\/pages\/719\/revisions\/897"}],"wp:attachment":[{"href":"https:\/\/operarimouski.com\/wp\/wp-json\/wp\/v2\/media?parent=719"}],"curies":[{"name":"wp","href":"https:\/\/api.w.org\/{rel}","templated":true}]}}